{"id":282,"date":"2020-06-11T17:19:43","date_gmt":"2020-06-11T15:19:43","guid":{"rendered":"https:\/\/netzwerk2010.ch\/?page_id=282"},"modified":"2021-10-19T14:39:50","modified_gmt":"2021-10-19T12:39:50","slug":"kalender","status":"publish","type":"page","link":"https:\/\/netzwerk2010.ch\/?page_id=282","title":{"rendered":"Kalender"},"content":{"rendered":"<p>[et_pb_section fb_built=&#187;1&#8243; _builder_version=&#187;4.4.8&#8243; background_color=&#187;rgba(0,0,0,0)&#187; top_divider_color=&#187;#5b83a6&#8243; top_divider_flip=&#187;vertical&#187; bottom_divider_color=&#187;#0e5799&#8243; bottom_divider_repeat=&#187;0x&#187; bottom_divider_flip=&#187;vertical|horizontal&#187; global_colors_info=&#187;{}&#187;][\/et_pb_section][et_pb_section fb_built=&#187;1&#8243; inner_shadow=&#187;on&#187; module_id=&#187;HOME&#187; module_class=&#187;HOME&#187; _builder_version=&#187;4.4.8&#8243; background_color=&#187;rgba(0,0,0,0)&#187; background_image=&#187;https:\/\/netzwerk2010.ch\/wp-content\/uploads\/2020\/06\/HG_Netzwek2010_2.png&#187; parallax=&#187;on&#187; module_alignment=&#187;center&#187; custom_padding=&#187;84px||101px||false|false&#187; top_divider_style=&#187;asymmetric2&#8243; top_divider_color=&#187;#ffffff&#187; top_divider_height=&#187;167px&#187; top_divider_repeat=&#187;0x&#187; top_divider_arrangement=&#187;above_content&#187; bottom_divider_style=&#187;mountains2&#8243; bottom_divider_color=&#187;#ffffff&#187; global_colors_info=&#187;{}&#187;][et_pb_row custom_padding_last_edited=&#187;on|phone&#187; _builder_version=&#187;4.4.8&#8243; custom_padding=&#187;|||166px||&#187; custom_padding_tablet=&#187;|||29px|false|false&#187; custom_padding_phone=&#187;33px||0px|0px|false|false&#187; global_colors_info=&#187;{}&#187;][et_pb_column type=&#187;4_4&#8243; _builder_version=&#187;4.4.8&#8243; global_colors_info=&#187;{}&#187;][et_pb_image src=&#187;https:\/\/netzwerk2010.ch\/wp-content\/uploads\/2020\/06\/NetzwekLogoTestWeiss.png&#187; title_text=&#187;NetzwekLogoTestWeiss&#187; _builder_version=&#187;4.4.8&#8243; width=&#187;55%&#187; width_tablet=&#187;70%&#187; width_phone=&#187;77%&#187; width_last_edited=&#187;on|phone&#187; module_alignment=&#187;left&#187; custom_margin=&#187;56px|||41px||&#187; custom_margin_tablet=&#187;15px|||0px|false|false&#187; custom_margin_phone=&#187;0px|||0px|false|false&#187; custom_margin_last_edited=&#187;on|tablet&#187; global_colors_info=&#187;{}&#187;][\/et_pb_image][\/et_pb_column][\/et_pb_row][\/et_pb_section][et_pb_section fb_built=&#187;1&#8243; _builder_version=&#187;4.4.8&#8243; background_color=&#187;rgba(0,0,0,0)&#187; top_divider_color=&#187;#5b83a6&#8243; top_divider_flip=&#187;vertical&#187; bottom_divider_color=&#187;#0e5799&#8243; bottom_divider_repeat=&#187;0x&#187; bottom_divider_flip=&#187;vertical|horizontal&#187; global_colors_info=&#187;{}&#187;][\/et_pb_section][et_pb_section fb_built=&#187;1&#8243; _builder_version=&#187;4.4.8&#8243; background_color=&#187;rgba(0,0,0,0)&#187; top_divider_color=&#187;#5b83a6&#8243; top_divider_flip=&#187;vertical&#187; bottom_divider_color=&#187;#0e5799&#8243; bottom_divider_repeat=&#187;0x&#187; bottom_divider_flip=&#187;vertical|horizontal&#187; global_colors_info=&#187;{}&#187;][et_pb_row column_structure=&#187;1_3,2_3&#8243; _builder_version=&#187;4.4.8&#8243; custom_padding=&#187;54px|||||&#187; global_colors_info=&#187;{}&#187;][et_pb_column type=&#187;1_3&#8243; _builder_version=&#187;4.4.8&#8243; global_colors_info=&#187;{}&#187;][et_pb_text _builder_version=&#187;4.4.8&#8243; global_colors_info=&#187;{}&#187;]<\/p>\n<h1>N\u00e4chster Termin<\/h1>\n<p style=\"padding-left: 30px;\">Abendausflug mit Rheinrundeweg<\/p>\n<p style=\"padding-left: 30px;\">(ca. 1h, bei jedem Wetter)<br \/><strong>Treffpunkt Storchenparkplatz Rheinfelden<br \/>3. November 2021, 16.00 Uhr<\/strong><\/p>\n<p>[\/et_pb_text][\/et_pb_column][et_pb_column type=&#187;2_3&#8243; _builder_version=&#187;4.4.8&#8243; global_colors_info=&#187;{}&#187;][et_pb_countdown_timer title=&#187;Abendausflug&#187; date_time=&#187;2021-11-03 16:00&#8243; _builder_version=&#187;4.10.6&#8243; hover_enabled=&#187;0&#8243; global_colors_info=&#187;{}&#187; sticky_enabled=&#187;0&#8243;][\/et_pb_countdown_timer][\/et_pb_column][\/et_pb_row][\/et_pb_section][et_pb_section fb_built=&#187;1&#8243; _builder_version=&#187;4.4.8&#8243; background_color=&#187;rgba(0,0,0,0)&#187; top_divider_color=&#187;#5b83a6&#8243; top_divider_flip=&#187;vertical&#187; bottom_divider_color=&#187;#0e5799&#8243; bottom_divider_repeat=&#187;0x&#187; bottom_divider_flip=&#187;vertical|horizontal&#187; global_colors_info=&#187;{}&#187;][et_pb_row column_structure=&#187;1_3,2_3&#8243; _builder_version=&#187;4.4.8&#8243; custom_padding=&#187;54px|||||&#187; global_colors_info=&#187;{}&#187;][et_pb_column type=&#187;1_3&#8243; _builder_version=&#187;4.4.8&#8243; global_colors_info=&#187;{}&#187;][et_pb_text _builder_version=&#187;4.4.8&#8243; global_colors_info=&#187;{}&#187;]<\/p>\n<h1>N\u00e4chster Termin<\/h1>\n<p style=\"padding-left: 30px;\">Hotel Schiff am Rhein***<br \/> Marktgasse 60, CH-4310 Rheinfelden<strong><br \/> 17. M\u00e4rz 2022, 18.00 Uhr<\/strong><\/p>\n<p>[\/et_pb_text][\/et_pb_column][et_pb_column type=&#187;2_3&#8243; _builder_version=&#187;4.4.8&#8243; global_colors_info=&#187;{}&#187;][et_pb_countdown_timer title=&#187;Generalversammlung&#187; date_time=&#187;2022-03-17 18:00&#8243; _builder_version=&#187;4.4.8&#8243; global_colors_info=&#187;{}&#187;][\/et_pb_countdown_timer][\/et_pb_column][\/et_pb_row][\/et_pb_section][et_pb_section fb_built=&#187;1&#8243; _builder_version=&#187;4.4.8&#8243; background_image=&#187;https:\/\/netzwerk2010.ch\/wp-content\/uploads\/2020\/06\/HG_Netzwek2010_1.png&#187; parallax=&#187;on&#187; top_divider_style=&#187;mountains2&#8243; top_divider_color=&#187;#ffffff&#187; top_divider_height=&#187;90px&#187; top_divider_arrangement=&#187;above_content&#187; bottom_divider_style=&#187;mountains2&#8243; bottom_divider_color=&#187;#0e5799&#8243; bottom_divider_height=&#187;60px&#187; bottom_divider_arrangement=&#187;above_content&#187; border_color_all=&#187;rgba(0,0,0,0)&#187; global_colors_info=&#187;{}&#187;][et_pb_row _builder_version=&#187;4.4.8&#8243; custom_padding=&#187;91px||132px|||&#187; global_colors_info=&#187;{}&#187;][et_pb_column type=&#187;4_4&#8243; _builder_version=&#187;4.4.8&#8243; global_colors_info=&#187;{}&#187;][et_pb_text _builder_version=&#187;4.4.8&#8243; header_text_color=&#187;#ffffff&#187; global_colors_info=&#187;{}&#187;]<\/p>\n<h1>Danke f\u00fcr Ihren Besuch \u2026<\/h1>\n<p>[\/et_pb_text][et_pb_social_media_follow _builder_version=&#187;4.4.8&#8243; text_orientation=&#187;left&#187; global_colors_info=&#187;{}&#187;][et_pb_social_media_follow_network social_network=&#187;facebook&#187; url=&#187;https:\/\/www.facebook.com\/Netzwerk-2010-287988254577040\/?__tn__=%2Cd%2CP-R&#038;eid=ARBRirmlzx2_UDEGYUQKfL3aKQWo9JuXTOXbH6k3Rjz8MDz2NJUonVzoJbfF1nEOwD_Fq2ulFHgrpK_c&#187; icon_color=&#187;#ffffff&#187; _builder_version=&#187;4.4.8&#8243; background_color=&#187;#0e5799&#8243; background_enable_color=&#187;on&#187; custom_button=&#187;on&#187; button_text_size=&#187;1px&#187; button_bg_color=&#187;#0e5799&#8243; button_font=&#187;Mukta||||||||&#187; global_colors_info=&#187;{}&#187; follow_button=&#187;off&#187; url_new_window=&#187;on&#187;]facebook[\/et_pb_social_media_follow_network][\/et_pb_social_media_follow][\/et_pb_column][\/et_pb_row][\/et_pb_section]<\/p>\n","protected":false},"excerpt":{"rendered":"<p>N\u00e4chster Termin Abendausflug mit Rheinrundeweg (ca. 1h, bei jedem Wetter)Treffpunkt Storchenparkplatz Rheinfelden3. November 2021, 16.00 UhrN\u00e4chster Termin Hotel Schiff am Rhein*** Marktgasse 60, CH-4310 Rheinfelden 17. M\u00e4rz 2022, 18.00 UhrDanke f\u00fcr Ihren Besuch \u2026<\/p>\n","protected":false},"author":1,"featured_media":0,"parent":0,"menu_order":0,"comment_status":"closed","ping_status":"closed","template":"","meta":{"_et_pb_use_builder":"on","_et_pb_old_content":"","_et_gb_content_width":"","footnotes":""},"class_list":["post-282","page","type-page","status-publish","hentry"],"_links":{"self":[{"href":"https:\/\/netzwerk2010.ch\/index.php?rest_route=\/wp\/v2\/pages\/282","targetHints":{"allow":["GET"]}}],"collection":[{"href":"https:\/\/netzwerk2010.ch\/index.php?rest_route=\/wp\/v2\/pages"}],"about":[{"href":"https:\/\/netzwerk2010.ch\/index.php?rest_route=\/wp\/v2\/types\/page"}],"author":[{"embeddable":true,"href":"https:\/\/netzwerk2010.ch\/index.php?rest_route=\/wp\/v2\/users\/1"}],"replies":[{"embeddable":true,"href":"https:\/\/netzwerk2010.ch\/index.php?rest_route=%2Fwp%2Fv2%2Fcomments&post=282"}],"version-history":[{"count":11,"href":"https:\/\/netzwerk2010.ch\/index.php?rest_route=\/wp\/v2\/pages\/282\/revisions"}],"predecessor-version":[{"id":421,"href":"https:\/\/netzwerk2010.ch\/index.php?rest_route=\/wp\/v2\/pages\/282\/revisions\/421"}],"wp:attachment":[{"href":"https:\/\/netzwerk2010.ch\/index.php?rest_route=%2Fwp%2Fv2%2Fmedia&parent=282"}],"curies":[{"name":"wp","href":"https:\/\/api.w.org\/{rel}","templated":true}]}}